{"id":297,"date":"2019-06-17T09:35:25","date_gmt":"2019-06-17T15:35:25","guid":{"rendered":"https:\/\/www.yaxcloud.net\/?page_id=297"},"modified":"2024-07-16T17:06:42","modified_gmt":"2024-07-16T23:06:42","slug":"servers","status":"publish","type":"page","link":"https:\/\/www.yaxcloud.net\/index.php\/servers\/","title":{"rendered":"Servers"},"content":{"rendered":"\t\t<div data-elementor-type=\"wp-page\" data-elementor-id=\"297\" class=\"elementor elementor-297\">\n\t\t\t\t<div class=\"elementor-element elementor-element-6db46b8b e-flex e-con-boxed e-con e-parent\" data-id=\"6db46b8b\" data-element_type=\"container\">\n\t\t\t\t\t<div class=\"e-con-inner\">\n\t\t\t\t<div class=\"elementor-element elementor-element-68b9b94c elementor-widget elementor-widget-text-editor\" data-id=\"68b9b94c\" data-element_type=\"widget\" data-widget_type=\"text-editor.default\">\n\t\t\t\t<div class=\"elementor-widget-container\"><p style=\"text-align: left;\"><strong>Tus aplicaciones en la nube desde donde est\u00e9s.<\/strong><\/p><p>Migrar a un YAXCLOUD Server, traer\u00e1 m\u00faltiples beneficios a tu negocio como:<\/p><ul class=\"wp-block-list\">\n<li>Aumentar o disminuir la capacidad de tus aplicaciones acorde a la carga de trabajo de la empresa.<\/li>\n<li>Una vez que tomas la decisi\u00f3n de migrar a la nube, comienza a gozar de los beneficios de tener tu informaci\u00f3n en un servidor de YaxCloud en 24hr. o menos.<\/li>\n<li>Acelerar las operaciones de procesamiento de informaci\u00f3n en tu negocio. ahorro de energ\u00eda, espacio y recursos en personal de TI.<\/li>\n<\/ul><\/div>\n\t\t\t\t<\/div>\n\t\t\t\t\t<\/div>\n\t\t\t\t<\/div>\n\t\t<div class=\"elementor-element elementor-element-3851ccd e-flex e-con-boxed e-con e-parent\" data-id=\"3851ccd\" data-element_type=\"container\">\n\t\t\t\t\t<div class=\"e-con-inner\">\n\t\t\t\t<div class=\"elementor-element elementor-element-e7c6656 elementor-widget elementor-widget-button\" data-id=\"e7c6656\" data-element_type=\"widget\" data-widget_type=\"button.default\">\n\t\t\t\t<div class=\"elementor-widget-container\">\n\t\t\t\t\t\t\t\t\t<div class=\"elementor-button-wrapper\">\n\t\t\t\t\t<a class=\"elementor-button elementor-button-link elementor-size-sm\" href=\"https:\/\/www.yaxcloud.net\/index.php\/product-category\/server\/\">\n\t\t\t\t\t\t<span class=\"elementor-button-content-wrapper\">\n\t\t\t\t\t\t\t\t\t<span class=\"elementor-button-text\">Ver Planes de Yax Servers<\/span>\n\t\t\t\t\t<\/span>\n\t\t\t\t\t<\/a>\n\t\t\t\t<\/div>\n\t\t\t\t\t\t\t\t<\/div>\n\t\t\t\t<\/div>\n\t\t\t\t\t<\/div>\n\t\t\t\t<\/div>\t\t<\/div>\n\t\t","protected":false},"excerpt":{"rendered":"<p>Tus aplicaciones en la nube desde donde est\u00e9s. Migrar a un YAXCLOUD Server, traer\u00e1 m\u00faltiples beneficios a tu ...<\/p>","protected":false},"author":1,"featured_media":0,"parent":0,"menu_order":0,"comment_status":"closed","ping_status":"closed","template":"","meta":{"_themeisle_gutenberg_block_has_review":false,"footnotes":""},"class_list":["post-297","page","type-page","status-publish","hentry"],"jetpack_sharing_enabled":true,"_links":{"self":[{"href":"https:\/\/www.yaxcloud.net\/index.php\/wp-json\/wp\/v2\/pages\/297","targetHints":{"allow":["GET"]}}],"collection":[{"href":"https:\/\/www.yaxcloud.net\/index.php\/wp-json\/wp\/v2\/pages"}],"about":[{"href":"https:\/\/www.yaxcloud.net\/index.php\/wp-json\/wp\/v2\/types\/page"}],"author":[{"embeddable":true,"href":"https:\/\/www.yaxcloud.net\/index.php\/wp-json\/wp\/v2\/users\/1"}],"replies":[{"embeddable":true,"href":"https:\/\/www.yaxcloud.net\/index.php\/wp-json\/wp\/v2\/comments?post=297"}],"version-history":[{"count":15,"href":"https:\/\/www.yaxcloud.net\/index.php\/wp-json\/wp\/v2\/pages\/297\/revisions"}],"predecessor-version":[{"id":17908,"href":"https:\/\/www.yaxcloud.net\/index.php\/wp-json\/wp\/v2\/pages\/297\/revisions\/17908"}],"wp:attachment":[{"href":"https:\/\/www.yaxcloud.net\/index.php\/wp-json\/wp\/v2\/media?parent=297"}],"curies":[{"name":"wp","href":"https:\/\/api.w.org\/{rel}","templated":true}]}}