{"id":305,"date":"2019-06-17T10:13:37","date_gmt":"2019-06-17T16:13:37","guid":{"rendered":"https:\/\/www.yaxcloud.net\/?page_id=305"},"modified":"2024-07-16T17:03:09","modified_gmt":"2024-07-16T23:03:09","slug":"hosting","status":"publish","type":"page","link":"https:\/\/www.yaxcloud.net\/index.php\/hosting\/","title":{"rendered":"Hosting"},"content":{"rendered":"\t\t<div data-elementor-type=\"wp-page\" data-elementor-id=\"305\" class=\"elementor elementor-305\">\n\t\t\t\t<div class=\"elementor-element elementor-element-7bca0750 e-flex e-con-boxed e-con e-parent\" data-id=\"7bca0750\" data-element_type=\"container\">\n\t\t\t\t\t<div class=\"e-con-inner\">\n\t\t\t\t<div class=\"elementor-element elementor-element-352792ba elementor-widget elementor-widget-text-editor\" data-id=\"352792ba\" data-element_type=\"widget\" data-widget_type=\"text-editor.default\">\n\t\t\t\t<div class=\"elementor-widget-container\"><h4 class=\"wp-block-heading\"><em>Tu p\u00e1gina web y correo electr\u00f3nico con el nombre que elijas<\/em><\/h4><p>\u00a0<\/p><ul class=\"wp-block-list\">\n<li>Elige la terminaci\u00f3n que tu quieras para tu dominio: .<em>com, .mx, .com.mx, .edu, .org<\/em><\/li>\n<\/ul><ul class=\"wp-block-list\">\n<li>Conforme al tama\u00f1o de tu negocio elige el n\u00famero de cuentas de correo que requieras.<\/li>\n<\/ul><ul class=\"wp-block-list\">\n<li>Ingresa desde cualquier dispositivo, windows, Linux, iOS o Android.<\/li>\n<\/ul><ul class=\"wp-block-list\">\n<li>Utiliza las herramientas integradas, en el sistema para subir tu p\u00e1gina web.<\/li>\n<\/ul><\/div>\n\t\t\t\t<\/div>\n\t\t\t\t\t<\/div>\n\t\t\t\t<\/div>\n\t\t<div class=\"elementor-element elementor-element-73310ba e-flex e-con-boxed e-con e-parent\" data-id=\"73310ba\" data-element_type=\"container\" data-settings=\"{&quot;background_background&quot;:&quot;gradient&quot;}\">\n\t\t\t\t\t<div class=\"e-con-inner\">\n\t\t<div class=\"elementor-element elementor-element-96b35fd e-con-full e-flex e-con e-child\" data-id=\"96b35fd\" data-element_type=\"container\" data-settings=\"{&quot;background_background&quot;:&quot;classic&quot;}\">\n\t\t\t\t<div class=\"elementor-element elementor-element-bca9882 elementor-widget elementor-widget-text-editor\" data-id=\"bca9882\" data-element_type=\"widget\" data-widget_type=\"text-editor.default\">\n\t\t\t\t<div class=\"elementor-widget-container\">\n\t\t\t\t\t\t\t\t\t<p><em><strong>Convierte <\/strong>tu p\u00e1gina web en un <strong>sistema completo de negocios<\/strong>, sube cat\u00e1logos de productos, listas de precios, etc\u00e9tera, con la opci\u00f3n de acceso a una base de datos <strong>MYSQL<\/strong>.<\/em><\/p>\t\t\t\t\t\t\t\t<\/div>\n\t\t\t\t<\/div>\n\t\t\t\t<div class=\"elementor-element elementor-element-e09172a elementor-widget elementor-widget-button\" data-id=\"e09172a\" data-element_type=\"widget\" data-widget_type=\"button.default\">\n\t\t\t\t<div class=\"elementor-widget-container\">\n\t\t\t\t\t\t\t\t\t<div class=\"elementor-button-wrapper\">\n\t\t\t\t\t<a class=\"elementor-button elementor-button-link elementor-size-sm\" href=\"https:\/\/www.yaxcloud.net\/index.php\/product-category\/hosting\/\">\n\t\t\t\t\t\t<span class=\"elementor-button-content-wrapper\">\n\t\t\t\t\t\t\t\t\t<span class=\"elementor-button-text\">Ver Planes de Hosting<\/span>\n\t\t\t\t\t<\/span>\n\t\t\t\t\t<\/a>\n\t\t\t\t<\/div>\n\t\t\t\t\t\t\t\t<\/div>\n\t\t\t\t<\/div>\n\t\t\t\t<\/div>\n\t\t\t\t\t<\/div>\n\t\t\t\t<\/div>\n\t\t<div class=\"elementor-element elementor-element-141d2a1 e-flex e-con-boxed e-con e-parent\" data-id=\"141d2a1\" data-element_type=\"container\">\n\t\t\t\t\t<div class=\"e-con-inner\">\n\t\t\t\t<div class=\"elementor-element elementor-element-5efd35f elementor-widget elementor-widget-spacer\" data-id=\"5efd35f\" data-element_type=\"widget\" data-widget_type=\"spacer.default\">\n\t\t\t\t<div class=\"elementor-widget-container\">\n\t\t\t\t\t\t\t<div class=\"elementor-spacer\">\n\t\t\t<div class=\"elementor-spacer-inner\"><\/div>\n\t\t<\/div>\n\t\t\t\t\t\t<\/div>\n\t\t\t\t<\/div>\n\t\t\t\t\t<\/div>\n\t\t\t\t<\/div>\n\t\t<div class=\"elementor-element elementor-element-2efac2a e-flex e-con-boxed e-con e-parent\" data-id=\"2efac2a\" data-element_type=\"container\">\n\t\t\t\t\t<div class=\"e-con-inner\">\n\t\t\t\t\t<\/div>\n\t\t\t\t<\/div>\t\t<\/div>\n\t\t","protected":false},"excerpt":{"rendered":"<p>Tu p\u00e1gina web y correo electr\u00f3nico con el nombre que elijas \u00a0 Elige la terminaci\u00f3n que tu quieras ...<\/p>","protected":false},"author":1,"featured_media":0,"parent":0,"menu_order":0,"comment_status":"closed","ping_status":"closed","template":"","meta":{"_themeisle_gutenberg_block_has_review":false,"footnotes":""},"class_list":["post-305","page","type-page","status-publish","hentry"],"jetpack_sharing_enabled":true,"_links":{"self":[{"href":"https:\/\/www.yaxcloud.net\/index.php\/wp-json\/wp\/v2\/pages\/305","targetHints":{"allow":["GET"]}}],"collection":[{"href":"https:\/\/www.yaxcloud.net\/index.php\/wp-json\/wp\/v2\/pages"}],"about":[{"href":"https:\/\/www.yaxcloud.net\/index.php\/wp-json\/wp\/v2\/types\/page"}],"author":[{"embeddable":true,"href":"https:\/\/www.yaxcloud.net\/index.php\/wp-json\/wp\/v2\/users\/1"}],"replies":[{"embeddable":true,"href":"https:\/\/www.yaxcloud.net\/index.php\/wp-json\/wp\/v2\/comments?post=305"}],"version-history":[{"count":39,"href":"https:\/\/www.yaxcloud.net\/index.php\/wp-json\/wp\/v2\/pages\/305\/revisions"}],"predecessor-version":[{"id":17902,"href":"https:\/\/www.yaxcloud.net\/index.php\/wp-json\/wp\/v2\/pages\/305\/revisions\/17902"}],"wp:attachment":[{"href":"https:\/\/www.yaxcloud.net\/index.php\/wp-json\/wp\/v2\/media?parent=305"}],"curies":[{"name":"wp","href":"https:\/\/api.w.org\/{rel}","templated":true}]}}