{"id":328,"date":"2019-06-17T10:54:03","date_gmt":"2019-06-17T16:54:03","guid":{"rendered":"https:\/\/www.yaxcloud.net\/?page_id=328"},"modified":"2024-07-16T17:11:36","modified_gmt":"2024-07-16T23:11:36","slug":"backup","status":"publish","type":"page","link":"https:\/\/www.yaxcloud.net\/index.php\/backup\/","title":{"rendered":"BackUp"},"content":{"rendered":"\t\t<div data-elementor-type=\"wp-page\" data-elementor-id=\"328\" class=\"elementor elementor-328\">\n\t\t\t\t<div class=\"elementor-element elementor-element-2af395f3 e-flex e-con-boxed e-con e-parent\" data-id=\"2af395f3\" data-element_type=\"container\">\n\t\t\t\t\t<div class=\"e-con-inner\">\n\t\t\t\t<div class=\"elementor-element elementor-element-288751d elementor-widget elementor-widget-text-editor\" data-id=\"288751d\" data-element_type=\"widget\" data-widget_type=\"text-editor.default\">\n\t\t\t\t<div class=\"elementor-widget-container\"><h4 class=\"wp-block-heading\">Respalda tu informaci\u00f3n en la nube.<br \/><br \/><\/h4><ul>\n<li>Almacena de manera segura la informaci\u00f3n m\u00e1s importante de tu empresa. Recupera datos en caso de cualquier eventualidad.<\/li>\n<li>Recibe en tu correo electr\u00f3nico informes sobre las copias de seguridad almacenadas, as\u00ed como, las alertas de las m\u00e1quinas que no han sido respaldadas.<\/li>\n<li>Decide con qu\u00e9 frecuencia y la cantidad de copias de seguridad que necesitas.<\/li>\n<li>Compatible con Windows, Linux, iOS y Android.<\/li>\n<li>Contamos con soluciones de respaldo acorde a las necesidades de tu empresa.<\/li>\n<\/ul><\/div>\n\t\t\t\t<\/div>\n\t\t\t\t\t<\/div>\n\t\t\t\t<\/div>\n\t\t<div class=\"elementor-element elementor-element-4f5fb0f e-flex e-con-boxed e-con e-parent\" data-id=\"4f5fb0f\" data-element_type=\"container\">\n\t\t\t\t\t<div class=\"e-con-inner\">\n\t\t\t\t<div class=\"elementor-element elementor-element-11344d7 elementor-widget elementor-widget-button\" data-id=\"11344d7\" data-element_type=\"widget\" data-widget_type=\"button.default\">\n\t\t\t\t<div class=\"elementor-widget-container\">\n\t\t\t\t\t\t\t\t\t<div class=\"elementor-button-wrapper\">\n\t\t\t\t\t<a class=\"elementor-button elementor-button-link elementor-size-sm\" href=\"https:\/\/www.yaxcloud.net\/index.php\/product-category\/backup\/\">\n\t\t\t\t\t\t<span class=\"elementor-button-content-wrapper\">\n\t\t\t\t\t\t\t\t\t<span class=\"elementor-button-text\">Ver Planes de Back Up<\/span>\n\t\t\t\t\t<\/span>\n\t\t\t\t\t<\/a>\n\t\t\t\t<\/div>\n\t\t\t\t\t\t\t\t<\/div>\n\t\t\t\t<\/div>\n\t\t\t\t\t<\/div>\n\t\t\t\t<\/div>\t\t<\/div>\n\t\t","protected":false},"excerpt":{"rendered":"<p>Respalda tu informaci\u00f3n en la nube. Almacena de manera segura la informaci\u00f3n m\u00e1s importante de tu empresa. Recupera ...<\/p>","protected":false},"author":1,"featured_media":0,"parent":0,"menu_order":0,"comment_status":"closed","ping_status":"closed","template":"","meta":{"_themeisle_gutenberg_block_has_review":false,"footnotes":""},"class_list":["post-328","page","type-page","status-publish","hentry"],"jetpack_sharing_enabled":true,"_links":{"self":[{"href":"https:\/\/www.yaxcloud.net\/index.php\/wp-json\/wp\/v2\/pages\/328","targetHints":{"allow":["GET"]}}],"collection":[{"href":"https:\/\/www.yaxcloud.net\/index.php\/wp-json\/wp\/v2\/pages"}],"about":[{"href":"https:\/\/www.yaxcloud.net\/index.php\/wp-json\/wp\/v2\/types\/page"}],"author":[{"embeddable":true,"href":"https:\/\/www.yaxcloud.net\/index.php\/wp-json\/wp\/v2\/users\/1"}],"replies":[{"embeddable":true,"href":"https:\/\/www.yaxcloud.net\/index.php\/wp-json\/wp\/v2\/comments?post=328"}],"version-history":[{"count":13,"href":"https:\/\/www.yaxcloud.net\/index.php\/wp-json\/wp\/v2\/pages\/328\/revisions"}],"predecessor-version":[{"id":17923,"href":"https:\/\/www.yaxcloud.net\/index.php\/wp-json\/wp\/v2\/pages\/328\/revisions\/17923"}],"wp:attachment":[{"href":"https:\/\/www.yaxcloud.net\/index.php\/wp-json\/wp\/v2\/media?parent=328"}],"curies":[{"name":"wp","href":"https:\/\/api.w.org\/{rel}","templated":true}]}}