{"id":244,"date":"2019-06-15T11:36:52","date_gmt":"2019-06-15T17:36:52","guid":{"rendered":"https:\/\/www.yaxcloud.net\/?post_type=product&#038;p=244"},"modified":"2025-02-26T12:26:05","modified_gmt":"2025-02-26T18:26:05","slug":"server-add-on-licencia-windows-server-estandar","status":"publish","type":"product","link":"https:\/\/www.yaxcloud.net\/index.php\/product\/server-add-on-licencia-windows-server-estandar\/","title":{"rendered":"A\u00f1ade a tu plan: Licencia Windows Server Est\u00e1ndar"},"content":{"rendered":"<p>Adquiere tu licencia para Windows server est\u00e1ndar al cualquier\u00a0 plan de Server Performance o Value<\/p>\n<p>Precio Mensual<\/p>\n","protected":false},"excerpt":{"rendered":"<p>Adquiere tu licencia para Windows server est\u00e1ndar al cualquier\u00a0 plan de Server Performance o Value<\/p>","protected":false},"featured_media":17863,"comment_status":"open","ping_status":"closed","template":"","meta":{"_themeisle_gutenberg_block_has_review":false},"product_brand":[],"product_cat":[21,27],"product_tag":[25,61,24],"class_list":{"0":"post-244","1":"product","2":"type-product","3":"status-publish","4":"has-post-thumbnail","6":"product_cat-server","7":"product_cat-addons-server","8":"product_tag-cloud","9":"product_tag-licencias","10":"product_tag-server","12":"first","13":"instock","14":"virtual","15":"purchasable","16":"product-type-simple"},"jetpack_sharing_enabled":true,"_links":{"self":[{"href":"https:\/\/www.yaxcloud.net\/index.php\/wp-json\/wp\/v2\/product\/244","targetHints":{"allow":["GET"]}}],"collection":[{"href":"https:\/\/www.yaxcloud.net\/index.php\/wp-json\/wp\/v2\/product"}],"about":[{"href":"https:\/\/www.yaxcloud.net\/index.php\/wp-json\/wp\/v2\/types\/product"}],"replies":[{"embeddable":true,"href":"https:\/\/www.yaxcloud.net\/index.php\/wp-json\/wp\/v2\/comments?post=244"}],"wp:featuredmedia":[{"embeddable":true,"href":"https:\/\/www.yaxcloud.net\/index.php\/wp-json\/wp\/v2\/media\/17863"}],"wp:attachment":[{"href":"https:\/\/www.yaxcloud.net\/index.php\/wp-json\/wp\/v2\/media?parent=244"}],"wp:term":[{"taxonomy":"product_brand","embeddable":true,"href":"https:\/\/www.yaxcloud.net\/index.php\/wp-json\/wp\/v2\/product_brand?post=244"},{"taxonomy":"product_cat","embeddable":true,"href":"https:\/\/www.yaxcloud.net\/index.php\/wp-json\/wp\/v2\/product_cat?post=244"},{"taxonomy":"product_tag","embeddable":true,"href":"https:\/\/www.yaxcloud.net\/index.php\/wp-json\/wp\/v2\/product_tag?post=244"}],"curies":[{"name":"wp","href":"https:\/\/api.w.org\/{rel}","templated":true}]}}