{"id":542,"date":"2019-06-21T12:47:43","date_gmt":"2019-06-21T18:47:43","guid":{"rendered":"https:\/\/www.yaxcloud.net\/?post_type=product&#038;p=542"},"modified":"2025-06-03T09:07:09","modified_gmt":"2025-06-03T15:07:09","slug":"compromiso-anual-value-ba","status":"publish","type":"product","link":"https:\/\/www.yaxcloud.net\/index.php\/product\/compromiso-anual-value-ba\/","title":{"rendered":"Compromiso Anual Value BA"},"content":{"rendered":"<p>Compromiso anual goza de los beneficios de tener tu plan de servidores value BA.<\/p>\n","protected":false},"excerpt":{"rendered":"<p>A\u00f1ade el compromiso anual y obt\u00e9n un mejor precio en la contrataci\u00f3n de tu Plan de server Value ...<\/p>","protected":false},"featured_media":17859,"comment_status":"open","ping_status":"closed","template":"","meta":{"_themeisle_gutenberg_block_has_review":false},"product_brand":[],"product_cat":[21,27],"product_tag":[72,24,96,83],"class_list":{"0":"post-542","1":"product","2":"type-product","3":"status-publish","4":"has-post-thumbnail","6":"product_cat-server","7":"product_cat-addons-server","8":"product_tag-compromiso-anual","9":"product_tag-server","10":"product_tag-server-value-ba","11":"product_tag-value","13":"first","14":"instock","15":"virtual","16":"purchasable","17":"product-type-simple"},"jetpack_sharing_enabled":true,"_links":{"self":[{"href":"https:\/\/www.yaxcloud.net\/index.php\/wp-json\/wp\/v2\/product\/542","targetHints":{"allow":["GET"]}}],"collection":[{"href":"https:\/\/www.yaxcloud.net\/index.php\/wp-json\/wp\/v2\/product"}],"about":[{"href":"https:\/\/www.yaxcloud.net\/index.php\/wp-json\/wp\/v2\/types\/product"}],"replies":[{"embeddable":true,"href":"https:\/\/www.yaxcloud.net\/index.php\/wp-json\/wp\/v2\/comments?post=542"}],"wp:featuredmedia":[{"embeddable":true,"href":"https:\/\/www.yaxcloud.net\/index.php\/wp-json\/wp\/v2\/media\/17859"}],"wp:attachment":[{"href":"https:\/\/www.yaxcloud.net\/index.php\/wp-json\/wp\/v2\/media?parent=542"}],"wp:term":[{"taxonomy":"product_brand","embeddable":true,"href":"https:\/\/www.yaxcloud.net\/index.php\/wp-json\/wp\/v2\/product_brand?post=542"},{"taxonomy":"product_cat","embeddable":true,"href":"https:\/\/www.yaxcloud.net\/index.php\/wp-json\/wp\/v2\/product_cat?post=542"},{"taxonomy":"product_tag","embeddable":true,"href":"https:\/\/www.yaxcloud.net\/index.php\/wp-json\/wp\/v2\/product_tag?post=542"}],"curies":[{"name":"wp","href":"https:\/\/api.w.org\/{rel}","templated":true}]}}